{"id":311,"date":"2022-07-25T19:43:49","date_gmt":"2022-07-25T17:43:49","guid":{"rendered":"https:\/\/beaclean.hu\/?page_id=311"},"modified":"2022-08-25T13:51:14","modified_gmt":"2022-08-25T11:51:14","slug":"rolunk-mondtak","status":"publish","type":"page","link":"https:\/\/beaclean.hu\/?page_id=311","title":{"rendered":"R\u00f3lunk mondt\u00e1k"},"content":{"rendered":"<p>[et_pb_section fb_built=&#8221;1&#8243; fullwidth=&#8221;on&#8221; admin_label=&#8221;Header&#8221; _builder_version=&#8221;4.17.6&#8243; _module_preset=&#8221;default&#8221; background_image=&#8221;https:\/\/beaclean.hu\/wp-content\/uploads\/2022\/07\/feedback-g95346980f_1920.jpg&#8221; custom_margin=&#8221;|||&#8221; custom_padding=&#8221;|||&#8221; global_colors_info=&#8221;{}&#8221;][et_pb_fullwidth_header title=&#8221;El\u00e9gedetts\u00e9gi visszajelz\u00e9s&#8221; button_one_url=&#8221;#&#8221; button_two_url=&#8221;#&#8221; scroll_down_icon_size_tablet=&#8221;&#8221; scroll_down_icon_size_phone=&#8221;&#8221; scroll_down_icon_size_last_edited=&#8221;on|phone&#8221; _builder_version=&#8221;4.17.6&#8243; _module_preset=&#8221;default&#8221; title_font=&#8221;Ubuntu|700|||||||&#8221; title_font_size=&#8221;70px&#8221; title_line_height=&#8221;1.2em&#8221; content_font=&#8221;|600|||||||&#8221; content_text_color=&#8221;#545454&#8243; content_font_size=&#8221;20px&#8221; content_line_height=&#8221;2em&#8221; background_color=&#8221;rgba(255,255,255,0)&#8221; use_background_color_gradient=&#8221;on&#8221; background_color_gradient_type=&#8221;circular&#8221; background_color_gradient_direction_radial=&#8221;right&#8221; background_color_gradient_stops=&#8221;rgba(255,255,255,0) 0%|rgba(255,255,255,0.96) 70%&#8221; background_color_gradient_start=&#8221;rgba(255,255,255,0)&#8221; background_color_gradient_end=&#8221;rgba(255,255,255,0.96)&#8221; background_color_gradient_end_position=&#8221;70%&#8221; background_image=&#8221;https:\/\/beaclean.hu\/wp-content\/uploads\/2022\/06\/cleaning-services-01.png&#8221; custom_button_one=&#8221;on&#8221; button_one_text_size=&#8221;18px&#8221; button_one_text_color=&#8221;#ffffff&#8221; button_one_bg_color=&#8221;#f2835a&#8221; button_one_bg_color_gradient_direction=&#8221;90deg&#8221; button_one_bg_color_gradient_stops=&#8221;#f2835a 0%|#fab993 100%&#8221; button_one_bg_color_gradient_overlays_image=&#8221;on&#8221; button_one_bg_color_gradient_start=&#8221;#f2835a&#8221; button_one_bg_color_gradient_end=&#8221;#fab993&#8243; button_one_border_width=&#8221;10px&#8221; button_one_border_color=&#8221;#f2835a&#8221; button_one_border_radius=&#8221;0px&#8221; button_one_font=&#8221;Ubuntu|700|||||||&#8221; custom_button_two=&#8221;on&#8221; button_two_text_size=&#8221;18px&#8221; button_two_text_color=&#8221;#ffffff&#8221; button_two_bg_color=&#8221;#557df3&#8243; button_two_border_width=&#8221;10px&#8221; button_two_border_color=&#8221;#557df3&#8243; button_two_border_radius=&#8221;0px&#8221; button_two_font=&#8221;Ubuntu|700|||||||&#8221; background_layout=&#8221;light&#8221; custom_padding=&#8221;12vw||12vw||false|&#8221; custom_padding_tablet=&#8221;6vw||10vw||false&#8221; custom_padding_phone=&#8221;3vw||6vw||false&#8221; custom_padding_last_edited=&#8221;on|phone&#8221; animation_style=&#8221;fade&#8221; title_font_size_tablet=&#8221;35px&#8221; title_font_size_phone=&#8221;25px&#8221; title_font_size_last_edited=&#8221;on|phone&#8221; content_font_size_tablet=&#8221;16px&#8221; content_font_size_phone=&#8221;14px&#8221; content_font_size_last_edited=&#8221;on|phone&#8221; button_one_text_size_tablet=&#8221;&#8221; button_one_text_size_phone=&#8221;&#8221; button_one_text_size_last_edited=&#8221;on|desktop&#8221; button_one_border_radius_hover=&#8221;0px&#8221; button_two_border_radius_hover=&#8221;0px&#8221; global_colors_info=&#8221;{}&#8221; button_one_text_size__hover_enabled=&#8221;off&#8221; button_two_text_size__hover_enabled=&#8221;off&#8221; button_one_text_color__hover_enabled=&#8221;off&#8221; button_two_text_color__hover_enabled=&#8221;off&#8221; button_one_border_width__hover_enabled=&#8221;off&#8221; button_two_border_width__hover_enabled=&#8221;off&#8221; button_one_border_color__hover_enabled=&#8221;off&#8221; button_two_border_color__hover_enabled=&#8221;off&#8221; button_one_border_radius__hover_enabled=&#8221;on&#8221; button_one_border_radius__hover=&#8221;0px&#8221; button_two_border_radius__hover_enabled=&#8221;on&#8221; button_two_border_radius__hover=&#8221;0px&#8221; button_one_letter_spacing__hover_enabled=&#8221;off&#8221; button_two_letter_spacing__hover_enabled=&#8221;off&#8221; button_one_bg_color__hover_enabled=&#8221;off&#8221; button_two_bg_color__hover_enabled=&#8221;off&#8221;][\/et_pb_fullwidth_header][\/et_pb_section][et_pb_section fb_built=&#8221;1&#8243; _builder_version=&#8221;4.18.0&#8243; _module_preset=&#8221;default&#8221; background_color=&#8221;#FFFFFF&#8221; hover_enabled=&#8221;0&#8243; global_colors_info=&#8221;{}&#8221; sticky_enabled=&#8221;0&#8243;][et_pb_row _builder_version=&#8221;4.17.4&#8243; _module_preset=&#8221;default&#8221; global_colors_info=&#8221;{}&#8221;][et_pb_column type=&#8221;4_4&#8243; _builder_version=&#8221;4.17.4&#8243; _module_preset=&#8221;default&#8221; global_colors_info=&#8221;{}&#8221;][et_pb_text _builder_version=&#8221;4.17.6&#8243; _module_preset=&#8221;default&#8221; global_colors_info=&#8221;{}&#8221;]<\/p>\n<h2>\u00dcgyfeleink el\u00e9gedetts\u00e9g\u00fck alapj\u00e1n ezeket mondt\u00e1k r\u00f3lunk:<\/h2>\n<p>[\/et_pb_text][et_pb_text _builder_version=&#8221;4.17.6&#8243; _module_preset=&#8221;default&#8221; global_colors_info=&#8221;{}&#8221;]<div class=\"glsr glsr-divi\" id=\"glsr_6cbb5b33\" data-from=\"shortcode\" data-shortcode=\"site_reviews\"><div class=\"glsr-reviews-wrap\">\n    <div class=\"glsr-reviews\">\n        <div class=\"glsr-review\" data-type=\"local\" id=\"review-510\" data-assigned='{\"assigned_posts\":[218]}'>\n    <div class=\"glsr-review-title\"><h4 class=\"glsr-tag-value\">Nyaral\u00f3 takar\u00edt\u00e1s<\/h4><\/div>\n    <div class=\"glsr-review-rating\"><div class=\"glsr-star-rating glsr-stars\" role=\"img\" aria-label=\"Rated 5 out of 5 stars\" data-rating=\"5\" data-reviews=\"0\"><span class=\"glsr-star glsr-star-full\" aria-hidden=\"true\"><\/span><span class=\"glsr-star glsr-star-full\" aria-hidden=\"true\"><\/span><span class=\"glsr-star glsr-star-full\" aria-hidden=\"true\"><\/span><span class=\"glsr-star glsr-star-full\" aria-hidden=\"true\"><\/span><span class=\"glsr-star glsr-star-full\" aria-hidden=\"true\"><\/span><\/div><\/div> <div class=\"glsr-review-date\"><span class=\"glsr-tag-value\">2025-05-05<\/span><\/div>\n    \n    <div class=\"glsr-review-content\"><div class=\"glsr-tag-value\" data-expanded=\"false\"><p>Be\u00e1ta kitakar\u00edtotta a nyaral\u00f3nkat, \u00e9s nagyon alapos munk\u00e1t v\u00e9gzett. Meg vagyunk vele el\u00e9gedve, \u00e9s m\u00e1r h\u00edvtuk is a k\u00f6vetkez\u0151 alkalomra.<\/p><\/div><\/div>\n     <div class=\"glsr-review-author\"><span class=\"glsr-tag-value\">Viszmeg Viola<\/span><\/div> \n    \n<\/div>\n<div class=\"glsr-review\" data-type=\"local\" id=\"review-456\" data-assigned='{\"assigned_posts\":[218]}'>\n    <div class=\"glsr-review-title\"><h4 class=\"glsr-tag-value\">Aj\u00e1nlom!<\/h4><\/div>\n    <div class=\"glsr-review-rating\"><div class=\"glsr-star-rating glsr-stars\" role=\"img\" aria-label=\"Rated 5 out of 5 stars\" data-rating=\"5\" data-reviews=\"0\"><span class=\"glsr-star glsr-star-full\" aria-hidden=\"true\"><\/span><span class=\"glsr-star glsr-star-full\" aria-hidden=\"true\"><\/span><span class=\"glsr-star glsr-star-full\" aria-hidden=\"true\"><\/span><span class=\"glsr-star glsr-star-full\" aria-hidden=\"true\"><\/span><span class=\"glsr-star glsr-star-full\" aria-hidden=\"true\"><\/span><\/div><\/div> <div class=\"glsr-review-date\"><span class=\"glsr-tag-value\">2023-12-01<\/span><\/div>\n    \n    <div class=\"glsr-review-content\"><div class=\"glsr-tag-value\" data-expanded=\"false\"><p>Rugalmas id\u0151pont egyeztet\u00e9s! Alapos munka! Aj\u00e1nlom mindenkinek!<\/p><\/div><\/div>\n     <div class=\"glsr-review-author\"><span class=\"glsr-tag-value\">N\u00f3ra<\/span><\/div> \n    \n<\/div>\n<div class=\"glsr-review\" data-type=\"local\" id=\"review-431\" data-assigned='{\"assigned_posts\":[218]}'>\n    <div class=\"glsr-review-title\"><h4 class=\"glsr-tag-value\">El\u00e9gedett vagyok, k\u00f6sz\u00f6n\u00f6m a sz\u00e9p tiszta munk\u00e1t!<\/h4><\/div>\n    <div class=\"glsr-review-rating\"><div class=\"glsr-star-rating glsr-stars\" role=\"img\" aria-label=\"Rated 5 out of 5 stars\" data-rating=\"5\" data-reviews=\"0\"><span class=\"glsr-star glsr-star-full\" aria-hidden=\"true\"><\/span><span class=\"glsr-star glsr-star-full\" aria-hidden=\"true\"><\/span><span class=\"glsr-star glsr-star-full\" aria-hidden=\"true\"><\/span><span class=\"glsr-star glsr-star-full\" aria-hidden=\"true\"><\/span><span class=\"glsr-star glsr-star-full\" aria-hidden=\"true\"><\/span><\/div><\/div> <div class=\"glsr-review-date\"><span class=\"glsr-tag-value\">2022-11-23<\/span><\/div>\n    \n    <div class=\"glsr-review-content\"><div class=\"glsr-tag-value\" data-expanded=\"false\"><p>El\u00e9gedett vagyok a szolg\u00e1ltat\u00e1ssal minden pontosan a megbesz\u00e9ltek szerint t\u00f6rt\u00e9nt<\/p><\/div><\/div>\n     <div class=\"glsr-review-author\"><span class=\"glsr-tag-value\">Berta R\u00f3bert<\/span><\/div> \n    \n<\/div>\n<div class=\"glsr-review\" data-type=\"local\" id=\"review-406\" data-assigned='{\"assigned_posts\":[218]}'>\n    <div class=\"glsr-review-title\"><h4 class=\"glsr-tag-value\">\u00c9rt\u00e9kel\u00e9s:<\/h4><\/div>\n    <div class=\"glsr-review-rating\"><div class=\"glsr-star-rating glsr-stars\" role=\"img\" aria-label=\"Rated 5 out of 5 stars\" data-rating=\"5\" data-reviews=\"0\"><span class=\"glsr-star glsr-star-full\" aria-hidden=\"true\"><\/span><span class=\"glsr-star glsr-star-full\" aria-hidden=\"true\"><\/span><span class=\"glsr-star glsr-star-full\" aria-hidden=\"true\"><\/span><span class=\"glsr-star glsr-star-full\" aria-hidden=\"true\"><\/span><span class=\"glsr-star glsr-star-full\" aria-hidden=\"true\"><\/span><\/div><\/div> <div class=\"glsr-review-date\"><span class=\"glsr-tag-value\">2022-10-11<\/span><\/div>\n    \n    <div class=\"glsr-review-content\"><div class=\"glsr-tag-value\" data-expanded=\"false\"><p>-korrekt felm\u00e9r\u00e9s<\/p>\n<p>-korrrekt aj\u00e1nlat<\/p>\n<p>-pontoss\u00e1g<\/p>\n<p>-gyorsas\u00e1g<\/p>\n<p>-profizmus<\/p>\n<p>a v\u00e9g\u00e9n tisztas\u00e1g!!!<\/p>\n<p>Ezt szerett\u00fck volna!<\/p>\n<p>Teljes\u00fclt!<\/p>\n<p>k\u00f6sz\u00f6nj\u00fck!<\/p><\/div><\/div>\n     <div class=\"glsr-review-author\"><span class=\"glsr-tag-value\">Z\u00f6r\u00e9nyi Attila<\/span><\/div> \n    \n<\/div>\n<div class=\"glsr-review\" data-type=\"local\" id=\"review-378\" data-assigned='{\"assigned_posts\":[218]}'>\n    <div class=\"glsr-review-title\"><h4 class=\"glsr-tag-value\">El\u00e9gedett vagyok<\/h4><\/div>\n    <div class=\"glsr-review-rating\"><div class=\"glsr-star-rating glsr-stars\" role=\"img\" aria-label=\"Rated 5 out of 5 stars\" data-rating=\"5\" data-reviews=\"0\"><span class=\"glsr-star glsr-star-full\" aria-hidden=\"true\"><\/span><span class=\"glsr-star glsr-star-full\" aria-hidden=\"true\"><\/span><span class=\"glsr-star glsr-star-full\" aria-hidden=\"true\"><\/span><span class=\"glsr-star glsr-star-full\" aria-hidden=\"true\"><\/span><span class=\"glsr-star glsr-star-full\" aria-hidden=\"true\"><\/span><\/div><\/div> <div class=\"glsr-review-date\"><span class=\"glsr-tag-value\">2022-08-29<\/span><\/div>\n    \n    <div class=\"glsr-review-content\"><div class=\"glsr-tag-value\" data-expanded=\"false\"><p>Alapos, gyors munkav\u00e9gz\u00e9s. Csak aj\u00e1nlani tudom a szolg\u00e1ltat\u00e1st mindenkinek.<\/p><\/div><\/div>\n     <div class=\"glsr-review-author\"><span class=\"glsr-tag-value\">Gabriella<\/span><\/div> \n    \n<\/div>\n    <\/div>\n    \n<\/div><\/div>[\/et_pb_text][\/et_pb_column][\/et_pb_row][\/et_pb_section]<\/p>\n","protected":false},"excerpt":{"rendered":"<p>\u00dcgyfeleink el\u00e9gedetts\u00e9g\u00fck alapj\u00e1n ezeket mondt\u00e1k r\u00f3lunk:<div class=\"glsr glsr-divi\" id=\"glsr_6cbb5b33\" data-from=\"shortcode\" data-shortcode=\"site_reviews\"><div class=\"glsr-reviews-wrap\">\n    <div class=\"glsr-reviews\">\n        <div class=\"glsr-review\" data-type=\"local\" id=\"review-510\" data-assigned='{\"assigned_posts\":[218]}'>\n    <div class=\"glsr-review-title\"><h4 class=\"glsr-tag-value\">Nyaral\u00f3 takar\u00edt\u00e1s<\/h4><\/div>\n    <div class=\"glsr-review-rating\"><div class=\"glsr-star-rating glsr-stars\" role=\"img\" aria-label=\"Rated 5 out of 5 stars\" data-rating=\"5\" data-reviews=\"0\"><span class=\"glsr-star glsr-star-full\" aria-hidden=\"true\"><\/span><span class=\"glsr-star glsr-star-full\" aria-hidden=\"true\"><\/span><span class=\"glsr-star glsr-star-full\" aria-hidden=\"true\"><\/span><span class=\"glsr-star glsr-star-full\" aria-hidden=\"true\"><\/span><span class=\"glsr-star glsr-star-full\" aria-hidden=\"true\"><\/span><\/div><\/div> <div class=\"glsr-review-date\"><span class=\"glsr-tag-value\">2025-05-05<\/span><\/div>\n    \n    <div class=\"glsr-review-content\"><div class=\"glsr-tag-value\" data-expanded=\"false\"><p>Be\u00e1ta kitakar\u00edtotta a nyaral\u00f3nkat, \u00e9s nagyon alapos munk\u00e1t v\u00e9gzett. Meg vagyunk vele el\u00e9gedve, \u00e9s m\u00e1r h\u00edvtuk is a k\u00f6vetkez\u0151 alkalomra.<\/p><\/div><\/div>\n     <div class=\"glsr-review-author\"><span class=\"glsr-tag-value\">Viszmeg Viola<\/span><\/div> \n    \n<\/div>\n<div class=\"glsr-review\" data-type=\"local\" id=\"review-456\" data-assigned='{\"assigned_posts\":[218]}'>\n    <div class=\"glsr-review-title\"><h4 class=\"glsr-tag-value\">Aj\u00e1nlom!<\/h4><\/div>\n    <div class=\"glsr-review-rating\"><div class=\"glsr-star-rating glsr-stars\" role=\"img\" aria-label=\"Rated 5 out of 5 stars\" data-rating=\"5\" data-reviews=\"0\"><span class=\"glsr-star glsr-star-full\" aria-hidden=\"true\"><\/span><span class=\"glsr-star glsr-star-full\" aria-hidden=\"true\"><\/span><span class=\"glsr-star glsr-star-full\" aria-hidden=\"true\"><\/span><span class=\"glsr-star glsr-star-full\" aria-hidden=\"true\"><\/span><span class=\"glsr-star glsr-star-full\" aria-hidden=\"true\"><\/span><\/div><\/div> <div class=\"glsr-review-date\"><span class=\"glsr-tag-value\">2023-12-01<\/span><\/div>\n    \n    <div class=\"glsr-review-content\"><div class=\"glsr-tag-value\" data-expanded=\"false\"><p>Rugalmas id\u0151pont egyeztet\u00e9s! Alapos munka! Aj\u00e1nlom mindenkinek!<\/p><\/div><\/div>\n     <div class=\"glsr-review-author\"><span class=\"glsr-tag-value\">N\u00f3ra<\/span><\/div> \n    \n<\/div>\n<div class=\"glsr-review\" data-type=\"local\" id=\"review-431\" data-assigned='{\"assigned_posts\":[218]}'>\n    <div class=\"glsr-review-title\"><h4 class=\"glsr-tag-value\">El\u00e9gedett vagyok, k\u00f6sz\u00f6n\u00f6m a sz\u00e9p tiszta munk\u00e1t!<\/h4><\/div>\n    <div class=\"glsr-review-rating\"><div class=\"glsr-star-rating glsr-stars\" role=\"img\" aria-label=\"Rated 5 out of 5 stars\" data-rating=\"5\" data-reviews=\"0\"><span class=\"glsr-star glsr-star-full\" aria-hidden=\"true\"><\/span><span class=\"glsr-star glsr-star-full\" aria-hidden=\"true\"><\/span><span class=\"glsr-star glsr-star-full\" aria-hidden=\"true\"><\/span><span class=\"glsr-star glsr-star-full\" aria-hidden=\"true\"><\/span><span class=\"glsr-star glsr-star-full\" aria-hidden=\"true\"><\/span><\/div><\/div> <div class=\"glsr-review-date\"><span class=\"glsr-tag-value\">2022-11-23<\/span><\/div>\n    \n    <div class=\"glsr-review-content\"><div class=\"glsr-tag-value\" data-expanded=\"false\"><p>El\u00e9gedett vagyok a szolg\u00e1ltat\u00e1ssal minden pontosan a megbesz\u00e9ltek szerint t\u00f6rt\u00e9nt<\/p><\/div><\/div>\n     <div class=\"glsr-review-author\"><span class=\"glsr-tag-value\">Berta R\u00f3bert<\/span><\/div> \n    \n<\/div>\n<div class=\"glsr-review\" data-type=\"local\" id=\"review-406\" data-assigned='{\"assigned_posts\":[218]}'>\n    <div class=\"glsr-review-title\"><h4 class=\"glsr-tag-value\">\u00c9rt\u00e9kel\u00e9s:<\/h4><\/div>\n    <div class=\"glsr-review-rating\"><div class=\"glsr-star-rating glsr-stars\" role=\"img\" aria-label=\"Rated 5 out of 5 stars\" data-rating=\"5\" data-reviews=\"0\"><span class=\"glsr-star glsr-star-full\" aria-hidden=\"true\"><\/span><span class=\"glsr-star glsr-star-full\" aria-hidden=\"true\"><\/span><span class=\"glsr-star glsr-star-full\" aria-hidden=\"true\"><\/span><span class=\"glsr-star glsr-star-full\" aria-hidden=\"true\"><\/span><span class=\"glsr-star glsr-star-full\" aria-hidden=\"true\"><\/span><\/div><\/div> <div class=\"glsr-review-date\"><span class=\"glsr-tag-value\">2022-10-11<\/span><\/div>\n    \n    <div class=\"glsr-review-content\"><div class=\"glsr-tag-value\" data-expanded=\"false\"><p>-korrekt felm\u00e9r\u00e9s<\/p>\n<p>-korrrekt aj\u00e1nlat<\/p>\n<p>-pontoss\u00e1g<\/p>\n<p>-gyorsas\u00e1g<\/p>\n<p>-profizmus<\/p>\n<p>a v\u00e9g\u00e9n tisztas\u00e1g!!!<\/p>\n<p>Ezt szerett\u00fck volna!<\/p>\n<p>Teljes\u00fclt!<\/p>\n<p>k\u00f6sz\u00f6nj\u00fck!<\/p><\/div><\/div>\n     <div class=\"glsr-review-author\"><span class=\"glsr-tag-value\">Z\u00f6r\u00e9nyi Attila<\/span><\/div> \n    \n<\/div>\n<div class=\"glsr-review\" data-type=\"local\" id=\"review-378\" data-assigned='{\"assigned_posts\":[218]}'>\n    <div class=\"glsr-review-title\"><h4 class=\"glsr-tag-value\">El\u00e9gedett vagyok<\/h4><\/div>\n    <div class=\"glsr-review-rating\"><div class=\"glsr-star-rating glsr-stars\" role=\"img\" aria-label=\"Rated 5 out of 5 stars\" data-rating=\"5\" data-reviews=\"0\"><span class=\"glsr-star glsr-star-full\" aria-hidden=\"true\"><\/span><span class=\"glsr-star glsr-star-full\" aria-hidden=\"true\"><\/span><span class=\"glsr-star glsr-star-full\" aria-hidden=\"true\"><\/span><span class=\"glsr-star glsr-star-full\" aria-hidden=\"true\"><\/span><span class=\"glsr-star glsr-star-full\" aria-hidden=\"true\"><\/span><\/div><\/div> <div class=\"glsr-review-date\"><span class=\"glsr-tag-value\">2022-08-29<\/span><\/div>\n    \n    <div class=\"glsr-review-content\"><div class=\"glsr-tag-value\" data-expanded=\"false\"><p>Alapos, gyors munkav\u00e9gz\u00e9s. Csak aj\u00e1nlani tudom a szolg\u00e1ltat\u00e1st mindenkinek.<\/p><\/div><\/div>\n     <div class=\"glsr-review-author\"><span class=\"glsr-tag-value\">Gabriella<\/span><\/div> \n    \n<\/div>\n    <\/div>\n    \n<\/div><\/div><\/p>\n","protected":false},"author":2,"featured_media":0,"parent":0,"menu_order":0,"comment_status":"closed","ping_status":"closed","template":"","meta":{"_et_pb_use_builder":"on","_et_pb_old_content":"","_et_gb_content_width":"","_glsr_average":0,"_glsr_ranking":0,"_glsr_reviews":0,"footnotes":""},"class_list":["post-311","page","type-page","status-publish","hentry"],"_links":{"self":[{"href":"https:\/\/beaclean.hu\/index.php?rest_route=\/wp\/v2\/pages\/311","targetHints":{"allow":["GET"]}}],"collection":[{"href":"https:\/\/beaclean.hu\/index.php?rest_route=\/wp\/v2\/pages"}],"about":[{"href":"https:\/\/beaclean.hu\/index.php?rest_route=\/wp\/v2\/types\/page"}],"author":[{"embeddable":true,"href":"https:\/\/beaclean.hu\/index.php?rest_route=\/wp\/v2\/users\/2"}],"replies":[{"embeddable":true,"href":"https:\/\/beaclean.hu\/index.php?rest_route=%2Fwp%2Fv2%2Fcomments&post=311"}],"version-history":[{"count":8,"href":"https:\/\/beaclean.hu\/index.php?rest_route=\/wp\/v2\/pages\/311\/revisions"}],"predecessor-version":[{"id":387,"href":"https:\/\/beaclean.hu\/index.php?rest_route=\/wp\/v2\/pages\/311\/revisions\/387"}],"wp:attachment":[{"href":"https:\/\/beaclean.hu\/index.php?rest_route=%2Fwp%2Fv2%2Fmedia&parent=311"}],"curies":[{"name":"wp","href":"https:\/\/api.w.org\/{rel}","templated":true}]}}